{"id":293,"date":"2021-11-18T17:38:48","date_gmt":"2021-11-18T17:38:48","guid":{"rendered":"https:\/\/kol-jungfernheide.de\/?page_id=293"},"modified":"2021-11-19T16:36:55","modified_gmt":"2021-11-19T16:36:55","slug":"kurzchronik","status":"publish","type":"page","link":"https:\/\/kol-jungfernheide.de\/?page_id=293","title":{"rendered":"Kurzchronik"},"content":{"rendered":"\n<table id=\"tablepress-1\" class=\"tablepress tablepress-id-1\">\n<tbody>\n<tr class=\"row-1\">\n\t<td class=\"column-1\"><strong>1904<\/strong><\/td><td class=\"column-2\">Gr\u00fcndung unserer Kolonie unter dem Protektorat des damaligen \u201eVaterl\u00e4ndischen Frauenvereins, Abt. Rotes Kreuz\u201c<\/td>\n<\/tr>\n<tr class=\"row-2\">\n\t<td class=\"column-1\"><strong>1929<\/strong><\/td><td class=\"column-2\">Errichtung des Vereinshauses<\/td>\n<\/tr>\n<tr class=\"row-3\">\n\t<td class=\"column-1\"><strong>1945<\/strong><\/td><td class=\"column-2\">In den Jahren nach 1945 m\u00fchevoller Aufbau der zerst\u00f6rten Lauben. Zu diesem Zeitpunkt hat die Kolonie 294 Parzellen. Weitere 27 Parzellen \u2013 die sogenannten \u201eNull-Parzellen\u201c \u2013 werden angegliedert.<\/td>\n<\/tr>\n<tr class=\"row-4\">\n\t<td class=\"column-1\"><strong>1953\/54<\/strong><\/td><td class=\"column-2\">Parzellenk\u00fcndigungen bedingt durch den Bau des Kurt-Schumacher-Damms.<br \/>\n<br \/>\n<\/td>\n<\/tr>\n<tr class=\"row-5\">\n\t<td class=\"column-1\"><strong>1964<\/strong><\/td><td class=\"column-2\">Auf dem Gel\u00e4nde der Null-Parzellen werden ein evangelisches Gemeindezentrum und von der GeWoBag ein Seniorenheim gebaut.<\/td>\n<\/tr>\n<tr class=\"row-6\">\n\t<td class=\"column-1\"><strong>1968\/69<\/strong><\/td><td class=\"column-2\">Es erfolgte die Errichtung des Freileitungsnetzes; eine Entscheidung f\u00fcr die Erdverkabelung kam nicht zustande.<\/td>\n<\/tr>\n<tr class=\"row-7\">\n\t<td class=\"column-1\"><strong>1971<\/strong><\/td><td class=\"column-2\">Weiterer Wegfall von Parzellen wegen des Baues der Zufahrt zum Flughafen Tegel.<\/td>\n<\/tr>\n<tr class=\"row-8\">\n\t<td class=\"column-1\"><strong>1972<\/strong><\/td><td class=\"column-2\">Anschluss an die \u00f6ffentliche Frischwasserversorgung unter unserer Mitarbeit. Die Entnahme des Grundwassers mittels Pumpen war durch die Absenkung des Grundwasserspiegels aufgrund des U-Bahnbaus nicht mehr m\u00f6glich.<\/td>\n<\/tr>\n<tr class=\"row-9\">\n\t<td class=\"column-1\"><strong>1976<\/strong><\/td><td class=\"column-2\">Sanierung und Umbau des Vereinshauses zu seiner heutigen Gr\u00f6\u00dfe.<br \/>\n<br \/>\n<\/td>\n<\/tr>\n<tr class=\"row-10\">\n\t<td class=\"column-1\"><strong>1989-1996<\/strong><\/td><td class=\"column-2\">Verbesserung der Haupt- und Nebenwege durch Verlegung von Wegeplatten und Verbundsteinen.<\/td>\n<\/tr>\n<tr class=\"row-11\">\n\t<td class=\"column-1\"><strong>1995<\/strong><\/td><td class=\"column-2\">Nach 5-j\u00e4hriger Ansparzeit konnte die Erdverkabelung der Stromleitungen durch eine Fachfirma realisiert werden.<\/td>\n<\/tr>\n<tr class=\"row-12\">\n\t<td class=\"column-1\"><strong>1996\/97<\/strong><\/td><td class=\"column-2\">Demontage und Eink\u00fcrzung der Lichtmasten und teilweise Best\u00fcckung mit neuen Leuchtk\u00f6rpern.<\/td>\n<\/tr>\n<tr class=\"row-13\">\n\t<td class=\"column-1\"><strong>2001<\/strong><\/td><td class=\"column-2\">Nach kontroversen Diskussionen fiel die Entscheidung f\u00fcr den Anschluss an das \u00f6ffentliche Abwassersystem. Die Arbeiten hierf\u00fcr wurden in den Jahren 2002\/2003 ausgef\u00fchrt<\/td>\n<\/tr>\n<tr class=\"row-14\">\n\t<td class=\"column-1\"><strong>2004<\/strong><\/td><td class=\"column-2\">100-j\u00e4hriges Bestehen der Kolonie. Die Kolonie hat heute 231 Parzellen.<\/td>\n<\/tr>\n<tr class=\"row-15\">\n\t<td class=\"column-1\"><strong>2016<\/strong><\/td><td class=\"column-2\">Der Spielplatz wurde mit neuen Spielger\u00e4ten neu gestaltet.<\/td>\n<\/tr>\n<tr class=\"row-16\">\n\t<td class=\"column-1\"><strong>2023<\/strong><\/td><td class=\"column-2\">Im Vereinshaus wurde der alte \u00d6lheizkessel gegen eine moderne Brennwertgastherme getauscht.<\/td>\n<\/tr>\n<tr class=\"row-17\">\n\t<td class=\"column-1\"><strong>2023\/2024<\/strong><\/td><td class=\"column-2\">Die Wegebeleuchtung wurde komplett auf LED Leuchten umgestellt.<\/td>\n<\/tr>\n<\/tbody>\n<\/table>\n<!-- #tablepress-1 from cache -->\n","protected":false},"excerpt":{"rendered":"","protected":false},"author":1,"featured_media":0,"parent":289,"menu_order":0,"comment_status":"closed","ping_status":"closed","template":"","meta":{"footnotes":""},"class_list":["post-293","page","type-page","status-publish","hentry","comments-off"],"_links":{"self":[{"href":"https:\/\/kol-jungfernheide.de\/index.php?rest_route=\/wp\/v2\/pages\/293","targetHints":{"allow":["GET"]}}],"collection":[{"href":"https:\/\/kol-jungfernheide.de\/index.php?rest_route=\/wp\/v2\/pages"}],"about":[{"href":"https:\/\/kol-jungfernheide.de\/index.php?rest_route=\/wp\/v2\/types\/page"}],"author":[{"embeddable":true,"href":"https:\/\/kol-jungfernheide.de\/index.php?rest_route=\/wp\/v2\/users\/1"}],"replies":[{"embeddable":true,"href":"https:\/\/kol-jungfernheide.de\/index.php?rest_route=%2Fwp%2Fv2%2Fcomments&post=293"}],"version-history":[{"count":4,"href":"https:\/\/kol-jungfernheide.de\/index.php?rest_route=\/wp\/v2\/pages\/293\/revisions"}],"predecessor-version":[{"id":307,"href":"https:\/\/kol-jungfernheide.de\/index.php?rest_route=\/wp\/v2\/pages\/293\/revisions\/307"}],"up":[{"embeddable":true,"href":"https:\/\/kol-jungfernheide.de\/index.php?rest_route=\/wp\/v2\/pages\/289"}],"wp:attachment":[{"href":"https:\/\/kol-jungfernheide.de\/index.php?rest_route=%2Fwp%2Fv2%2Fmedia&parent=293"}],"curies":[{"name":"wp","href":"https:\/\/api.w.org\/{rel}","templated":true}]}}